{"id":2661,"date":"2025-09-19T10:35:31","date_gmt":"2025-09-19T08:35:31","guid":{"rendered":"https:\/\/belrey.com\/informations-logistiques\/"},"modified":"2025-09-22T16:38:51","modified_gmt":"2025-09-22T14:38:51","slug":"informations-logistiques","status":"publish","type":"page","link":"https:\/\/belrey.com\/fr\/informations-logistiques\/","title":{"rendered":"Informations logistiques"},"content":{"rendered":"<style>.elementor-2661 .elementor-element.elementor-element-75c170d{--display:flex;--flex-direction:column;--container-widget-width:calc( ( 1 - var( --container-widget-flex-grow ) ) * 100% );--container-widget-height:initial;--container-widget-flex-grow:0;--container-widget-align-self:initial;--flex-wrap-mobile:wrap;--justify-content:center;--align-items:center;}.elementor-2661 .elementor-element.elementor-element-e7e2df5{--display:flex;--min-height:0vh;--justify-content:center;--overlay-opacity:1;--border-radius:20px 20px 20px 20px;--padding-top:11em;--padding-bottom:11em;--padding-left:2em;--padding-right:2em;}.elementor-2661 .elementor-element.elementor-element-e7e2df5:not(.elementor-motion-effects-element-type-background), .elementor-2661 .elementor-element.elementor-element-e7e2df5 > .elementor-motion-effects-container > .elementor-motion-effects-layer{background-color:var( --e-global-color-17e5b02 );background-image:url(\"https:\/\/belrey.com\/wp-content\/uploads\/2025\/09\/3.jpeg\");background-position:center center;background-repeat:no-repeat;background-size:cover;}.elementor-2661 .elementor-element.elementor-element-e7e2df5::before, .elementor-2661 .elementor-element.elementor-element-e7e2df5 > .elementor-background-video-container::before, .elementor-2661 .elementor-element.elementor-element-e7e2df5 > .e-con-inner > .elementor-background-video-container::before, .elementor-2661 .elementor-element.elementor-element-e7e2df5 > .elementor-background-slideshow::before, .elementor-2661 .elementor-element.elementor-element-e7e2df5 > .e-con-inner > .elementor-background-slideshow::before, .elementor-2661 .elementor-element.elementor-element-e7e2df5 > .elementor-motion-effects-container > .elementor-motion-effects-layer::before{--background-overlay:'';background-color:transparent;background-image:linear-gradient(90deg, #232020DB 0%, #FFFBF200 100%);}.elementor-2661 .elementor-element.elementor-element-e7e2df5:hover::before, .elementor-2661 .elementor-element.elementor-element-e7e2df5:hover > .elementor-background-video-container::before, .elementor-2661 .elementor-element.elementor-element-e7e2df5:hover > .e-con-inner > .elementor-background-video-container::before, .elementor-2661 .elementor-element.elementor-element-e7e2df5 > .elementor-background-slideshow:hover::before, .elementor-2661 .elementor-element.elementor-element-e7e2df5 > .e-con-inner > .elementor-background-slideshow:hover::before{--background-overlay:'';background-color:transparent;background-image:linear-gradient(90deg, #232020DB 0%, #FFFBF200 100%);}.elementor-2661 .elementor-element.elementor-element-e7e2df5:hover{--overlay-opacity:1;}.elementor-2661 .elementor-element.elementor-element-c4e5eca{--display:flex;--gap:10px 10px;--row-gap:10px;--column-gap:10px;}.elementor-2661 .elementor-element.elementor-element-219b7e0 .elementor-icon-list-icon i{color:var( --e-global-color-a567df4 );transition:color 0.3s;}.elementor-2661 .elementor-element.elementor-element-219b7e0 .elementor-icon-list-icon svg{fill:var( --e-global-color-a567df4 );transition:fill 0.3s;}.elementor-2661 .elementor-element.elementor-element-219b7e0{--e-icon-list-icon-size:14px;--icon-vertical-offset:0px;}.elementor-2661 .elementor-element.elementor-element-219b7e0 .elementor-icon-list-item > .elementor-icon-list-text, .elementor-2661 .elementor-element.elementor-element-219b7e0 .elementor-icon-list-item > a{font-family:var( --e-global-typography-08fdc8c-font-family ), Sans-serif;font-size:var( --e-global-typography-08fdc8c-font-size );font-weight:var( --e-global-typography-08fdc8c-font-weight );text-transform:var( --e-global-typography-08fdc8c-text-transform );line-height:var( --e-global-typography-08fdc8c-line-height );letter-spacing:var( --e-global-typography-08fdc8c-letter-spacing );word-spacing:var( --e-global-typography-08fdc8c-word-spacing );}.elementor-2661 .elementor-element.elementor-element-219b7e0 .elementor-icon-list-text{color:var( --e-global-color-a567df4 );transition:color 0.3s;}.elementor-2661 .elementor-element.elementor-element-dd41de7 .elementor-heading-title{font-family:var( --e-global-typography-primary-font-family ), Sans-serif;font-size:var( --e-global-typography-primary-font-size );font-weight:var( --e-global-typography-primary-font-weight );text-transform:var( --e-global-typography-primary-text-transform );line-height:var( --e-global-typography-primary-line-height );letter-spacing:var( --e-global-typography-primary-letter-spacing );word-spacing:var( --e-global-typography-primary-word-spacing );color:var( --e-global-color-a567df4 );}.elementor-2661 .elementor-element.elementor-element-dd41de7{width:var( --container-widget-width, 55% );max-width:55%;--container-widget-width:55%;--container-widget-flex-grow:0;}.elementor-2661 .elementor-element.elementor-element-1a2ed20{--display:flex;--flex-direction:row;--container-widget-width:initial;--container-widget-height:100%;--container-widget-flex-grow:1;--container-widget-align-self:stretch;--flex-wrap-mobile:wrap;--gap:0px 0px;--row-gap:0px;--column-gap:0px;--flex-wrap:wrap;--padding-top:5em;--padding-bottom:5em;--padding-left:1em;--padding-right:1em;}.elementor-2661 .elementor-element.elementor-element-edf6165{--display:flex;--gap:20px 20px;--row-gap:20px;--column-gap:20px;}.elementor-2661 .elementor-element.elementor-element-ec0b058 .elementor-heading-title{font-family:var( --e-global-typography-887363b-font-family ), Sans-serif;font-size:var( --e-global-typography-887363b-font-size );font-weight:var( --e-global-typography-887363b-font-weight );text-transform:var( --e-global-typography-887363b-text-transform );line-height:var( --e-global-typography-887363b-line-height );letter-spacing:var( --e-global-typography-887363b-letter-spacing );word-spacing:var( --e-global-typography-887363b-word-spacing );color:var( --e-global-color-primary );}.elementor-2661 .elementor-element.elementor-element-e94ab95{color:var( --e-global-color-text );}.elementor-2661 .elementor-element.elementor-element-e94ab95 a{color:var( --e-global-color-fbcc36a );}.elementor-2661 .elementor-element.elementor-element-d931c8d .elementor-heading-title{font-family:var( --e-global-typography-887363b-font-family ), Sans-serif;font-size:var( --e-global-typography-887363b-font-size );font-weight:var( --e-global-typography-887363b-font-weight );text-transform:var( --e-global-typography-887363b-text-transform );line-height:var( --e-global-typography-887363b-line-height );letter-spacing:var( --e-global-typography-887363b-letter-spacing );word-spacing:var( --e-global-typography-887363b-word-spacing );color:var( --e-global-color-primary );}.elementor-2661 .elementor-element.elementor-element-d931c8d > .elementor-widget-container{margin:20px 0px 0px 0px;}.elementor-2661 .elementor-element.elementor-element-cd02a8c{color:var( --e-global-color-text );}.elementor-2661 .elementor-element.elementor-element-cd02a8c a{color:var( --e-global-color-fbcc36a );}.elementor-2661 .elementor-element.elementor-element-018c0d3 .elementor-heading-title{font-family:var( --e-global-typography-887363b-font-family ), Sans-serif;font-size:var( --e-global-typography-887363b-font-size );font-weight:var( --e-global-typography-887363b-font-weight );text-transform:var( --e-global-typography-887363b-text-transform );line-height:var( --e-global-typography-887363b-line-height );letter-spacing:var( --e-global-typography-887363b-letter-spacing );word-spacing:var( --e-global-typography-887363b-word-spacing );color:var( --e-global-color-primary );}.elementor-2661 .elementor-element.elementor-element-018c0d3 > .elementor-widget-container{margin:20px 0px 0px 0px;}.elementor-2661 .elementor-element.elementor-element-9226728{color:var( --e-global-color-text );}.elementor-2661 .elementor-element.elementor-element-9226728 a{color:var( --e-global-color-fbcc36a );}:root{--page-title-display:none;}@media(max-width:1366px){.elementor-2661 .elementor-element.elementor-element-e7e2df5{--padding-top:7em;--padding-bottom:7em;--padding-left:1em;--padding-right:1em;}.elementor-2661 .elementor-element.elementor-element-219b7e0 .elementor-icon-list-item > .elementor-icon-list-text, .elementor-2661 .elementor-element.elementor-element-219b7e0 .elementor-icon-list-item > a{font-size:var( --e-global-typography-08fdc8c-font-size );line-height:var( --e-global-typography-08fdc8c-line-height );letter-spacing:var( --e-global-typography-08fdc8c-letter-spacing );word-spacing:var( --e-global-typography-08fdc8c-word-spacing );}.elementor-2661 .elementor-element.elementor-element-dd41de7 .elementor-heading-title{font-size:var( --e-global-typography-primary-font-size );line-height:var( --e-global-typography-primary-line-height );letter-spacing:var( --e-global-typography-primary-letter-spacing );word-spacing:var( --e-global-typography-primary-word-spacing );}.elementor-2661 .elementor-element.elementor-element-dd41de7{--container-widget-width:65%;--container-widget-flex-grow:0;width:var( --container-widget-width, 65% );max-width:65%;}.elementor-2661 .elementor-element.elementor-element-1a2ed20{--padding-top:3em;--padding-bottom:3em;--padding-left:1em;--padding-right:1em;}.elementor-2661 .elementor-element.elementor-element-ec0b058 .elementor-heading-title{font-size:var( --e-global-typography-887363b-font-size );line-height:var( --e-global-typography-887363b-line-height );letter-spacing:var( --e-global-typography-887363b-letter-spacing );word-spacing:var( --e-global-typography-887363b-word-spacing );}.elementor-2661 .elementor-element.elementor-element-d931c8d .elementor-heading-title{font-size:var( --e-global-typography-887363b-font-size );line-height:var( --e-global-typography-887363b-line-height );letter-spacing:var( --e-global-typography-887363b-letter-spacing );word-spacing:var( --e-global-typography-887363b-word-spacing );}.elementor-2661 .elementor-element.elementor-element-018c0d3 .elementor-heading-title{font-size:var( --e-global-typography-887363b-font-size );line-height:var( --e-global-typography-887363b-line-height );letter-spacing:var( --e-global-typography-887363b-letter-spacing );word-spacing:var( --e-global-typography-887363b-word-spacing );}}@media(max-width:1024px){.elementor-2661 .elementor-element.elementor-element-e7e2df5:not(.elementor-motion-effects-element-type-background), .elementor-2661 .elementor-element.elementor-element-e7e2df5 > .elementor-motion-effects-container > .elementor-motion-effects-layer{background-size:cover;}.elementor-2661 .elementor-element.elementor-element-219b7e0 .elementor-icon-list-item > .elementor-icon-list-text, .elementor-2661 .elementor-element.elementor-element-219b7e0 .elementor-icon-list-item > a{font-size:var( --e-global-typography-08fdc8c-font-size );line-height:var( --e-global-typography-08fdc8c-line-height );letter-spacing:var( --e-global-typography-08fdc8c-letter-spacing );word-spacing:var( --e-global-typography-08fdc8c-word-spacing );}.elementor-2661 .elementor-element.elementor-element-dd41de7 .elementor-heading-title{font-size:var( --e-global-typography-primary-font-size );line-height:var( --e-global-typography-primary-line-height );letter-spacing:var( --e-global-typography-primary-letter-spacing );word-spacing:var( --e-global-typography-primary-word-spacing );}.elementor-2661 .elementor-element.elementor-element-dd41de7{--container-widget-width:75%;--container-widget-flex-grow:0;width:var( --container-widget-width, 75% );max-width:75%;}.elementor-2661 .elementor-element.elementor-element-ec0b058 .elementor-heading-title{font-size:var( --e-global-typography-887363b-font-size );line-height:var( --e-global-typography-887363b-line-height );letter-spacing:var( --e-global-typography-887363b-letter-spacing );word-spacing:var( --e-global-typography-887363b-word-spacing );}.elementor-2661 .elementor-element.elementor-element-d931c8d .elementor-heading-title{font-size:var( --e-global-typography-887363b-font-size );line-height:var( --e-global-typography-887363b-line-height );letter-spacing:var( --e-global-typography-887363b-letter-spacing );word-spacing:var( --e-global-typography-887363b-word-spacing );}.elementor-2661 .elementor-element.elementor-element-018c0d3 .elementor-heading-title{font-size:var( --e-global-typography-887363b-font-size );line-height:var( --e-global-typography-887363b-line-height );letter-spacing:var( --e-global-typography-887363b-letter-spacing );word-spacing:var( --e-global-typography-887363b-word-spacing );}}@media(max-width:767px){.elementor-2661 .elementor-element.elementor-element-e7e2df5:not(.elementor-motion-effects-element-type-background), .elementor-2661 .elementor-element.elementor-element-e7e2df5 > .elementor-motion-effects-container > .elementor-motion-effects-layer{background-position:bottom center;background-size:cover;}.elementor-2661 .elementor-element.elementor-element-e7e2df5::before, .elementor-2661 .elementor-element.elementor-element-e7e2df5 > .elementor-background-video-container::before, .elementor-2661 .elementor-element.elementor-element-e7e2df5 > .e-con-inner > .elementor-background-video-container::before, .elementor-2661 .elementor-element.elementor-element-e7e2df5 > .elementor-background-slideshow::before, .elementor-2661 .elementor-element.elementor-element-e7e2df5 > .e-con-inner > .elementor-background-slideshow::before, .elementor-2661 .elementor-element.elementor-element-e7e2df5 > .elementor-motion-effects-container > .elementor-motion-effects-layer::before{background-color:transparent;background-image:linear-gradient(180deg, #232020DB 0%, #FFFBF200 100%);}.elementor-2661 .elementor-element.elementor-element-e7e2df5{--padding-top:3em;--padding-bottom:15em;--padding-left:0em;--padding-right:0em;}.elementor-2661 .elementor-element.elementor-element-219b7e0 .elementor-icon-list-item > .elementor-icon-list-text, .elementor-2661 .elementor-element.elementor-element-219b7e0 .elementor-icon-list-item > a{font-size:var( --e-global-typography-08fdc8c-font-size );line-height:var( --e-global-typography-08fdc8c-line-height );letter-spacing:var( --e-global-typography-08fdc8c-letter-spacing );word-spacing:var( --e-global-typography-08fdc8c-word-spacing );}.elementor-2661 .elementor-element.elementor-element-dd41de7{text-align:center;--container-widget-width:100%;--container-widget-flex-grow:0;width:var( --container-widget-width, 100% );max-width:100%;}.elementor-2661 .elementor-element.elementor-element-dd41de7 .elementor-heading-title{font-size:var( --e-global-typography-primary-font-size );line-height:var( --e-global-typography-primary-line-height );letter-spacing:var( --e-global-typography-primary-letter-spacing );word-spacing:var( --e-global-typography-primary-word-spacing );}.elementor-2661 .elementor-element.elementor-element-1a2ed20{--padding-top:2em;--padding-bottom:0em;--padding-left:0em;--padding-right:0em;}.elementor-2661 .elementor-element.elementor-element-ec0b058 .elementor-heading-title{font-size:var( --e-global-typography-887363b-font-size );line-height:var( --e-global-typography-887363b-line-height );letter-spacing:var( --e-global-typography-887363b-letter-spacing );word-spacing:var( --e-global-typography-887363b-word-spacing );}.elementor-2661 .elementor-element.elementor-element-d931c8d .elementor-heading-title{font-size:var( --e-global-typography-887363b-font-size );line-height:var( --e-global-typography-887363b-line-height );letter-spacing:var( --e-global-typography-887363b-letter-spacing );word-spacing:var( --e-global-typography-887363b-word-spacing );}.elementor-2661 .elementor-element.elementor-element-018c0d3 .elementor-heading-title{font-size:var( --e-global-typography-887363b-font-size );line-height:var( --e-global-typography-887363b-line-height );letter-spacing:var( --e-global-typography-887363b-letter-spacing );word-spacing:var( --e-global-typography-887363b-word-spacing );}}@media(min-width:768px){.elementor-2661 .elementor-element.elementor-element-e7e2df5{--width:97%;}.elementor-2661 .elementor-element.elementor-element-c4e5eca{--content-width:1600px;}.elementor-2661 .elementor-element.elementor-element-1a2ed20{--content-width:1600px;}.elementor-2661 .elementor-element.elementor-element-edf6165{--width:100%;}}@media(max-width:1366px) and (min-width:768px){.elementor-2661 .elementor-element.elementor-element-edf6165{--width:91%;}}@media(max-width:1024px) and (min-width:768px){.elementor-2661 .elementor-element.elementor-element-edf6165{--width:100%;}}<\/style>\t\t<div data-elementor-type=\"wp-page\" data-elementor-id=\"2661\" class=\"elementor elementor-2661 elementor-2368\" data-elementor-post-type=\"page\">\n\t\t\t\t<div class=\"elementor-element elementor-element-75c170d e-con-full e-flex e-con e-parent\" data-id=\"75c170d\" data-element_type=\"container\" data-e-type=\"container\">\n\t\t<div class=\"elementor-element elementor-element-e7e2df5 e-con-full e-flex e-con e-child\" data-id=\"e7e2df5\" data-element_type=\"container\" data-e-type=\"container\" data-settings=\"{&quot;background_background&quot;:&quot;classic&quot;}\">\n\t\t<div class=\"elementor-element elementor-element-c4e5eca e-flex e-con-boxed e-con e-child\" data-id=\"c4e5eca\" data-element_type=\"container\" data-e-type=\"container\">\n\t\t\t\t\t<div class=\"e-con-inner\">\n\t\t\t\t<div class=\"elementor-element elementor-element-219b7e0 elementor-icon-list--layout-inline elementor-mobile-align-center elementor-tablet-align-start elementor-list-item-link-full_width elementor-widget elementor-widget-icon-list\" data-id=\"219b7e0\" data-element_type=\"widget\" data-e-type=\"widget\" data-widget_type=\"icon-list.default\">\n\t\t\t\t<div class=\"elementor-widget-container\">\n\t\t\t\t\t\t\t<ul class=\"elementor-icon-list-items elementor-inline-items\">\n\t\t\t\t\t\t\t<li class=\"elementor-icon-list-item elementor-inline-item\">\n\t\t\t\t\t\t\t\t\t\t\t<a href=\"https:\/\/belrey.com\/fr\/\">\n\n\t\t\t\t\t\t\t\t\t\t\t<span class=\"elementor-icon-list-text\">Accueil<\/span>\n\t\t\t\t\t\t\t\t\t\t\t<\/a>\n\t\t\t\t\t\t\t\t\t<\/li>\n\t\t\t\t\t\t\t\t<li class=\"elementor-icon-list-item elementor-inline-item\">\n\t\t\t\t\t\t\t\t\t\t\t<span class=\"elementor-icon-list-icon\">\n\t\t\t\t\t\t\t<i aria-hidden=\"true\" class=\"jki jki-angle-right-solid\"><\/i>\t\t\t\t\t\t<\/span>\n\t\t\t\t\t\t\t\t\t\t<span class=\"elementor-icon-list-text\"><\/span>\n\t\t\t\t\t\t\t\t\t<\/li>\n\t\t\t\t\t\t\t\t<li class=\"elementor-icon-list-item elementor-inline-item\">\n\t\t\t\t\t\t\t\t\t\t\t<a href=\"https:\/\/belrey.com\/fr\/informations-logistiques\/\">\n\n\t\t\t\t\t\t\t\t\t\t\t<span class=\"elementor-icon-list-text\">Informations logistiques<\/span>\n\t\t\t\t\t\t\t\t\t\t\t<\/a>\n\t\t\t\t\t\t\t\t\t<\/li>\n\t\t\t\t\t\t<\/ul>\n\t\t\t\t\t\t<\/div>\n\t\t\t\t<\/div>\n\t\t\t\t<div class=\"elementor-element elementor-element-dd41de7 elementor-widget__width-initial elementor-widget elementor-widget-heading\" data-id=\"dd41de7\" data-element_type=\"widget\" data-e-type=\"widget\" data-widget_type=\"heading.default\">\n\t\t\t\t<div class=\"elementor-widget-container\">\n\t\t\t\t\t<h1 class=\"elementor-heading-title elementor-size-default\">Informations logistiques<\/h1>\t\t\t\t<\/div>\n\t\t\t\t<\/div>\n\t\t\t\t\t<\/div>\n\t\t\t\t<\/div>\n\t\t\t\t<\/div>\n\t\t\t\t<\/div>\n\t\t<div class=\"elementor-element elementor-element-1a2ed20 e-flex e-con-boxed e-con e-parent\" data-id=\"1a2ed20\" data-element_type=\"container\" data-e-type=\"container\">\n\t\t\t\t\t<div class=\"e-con-inner\">\n\t\t<div class=\"elementor-element elementor-element-edf6165 e-con-full e-flex e-con e-child\" data-id=\"edf6165\" data-element_type=\"container\" data-e-type=\"container\">\n\t\t\t\t<div class=\"elementor-element elementor-element-ec0b058 elementor-widget elementor-widget-heading\" data-id=\"ec0b058\" data-element_type=\"widget\" data-e-type=\"widget\" data-widget_type=\"heading.default\">\n\t\t\t\t<div class=\"elementor-widget-container\">\n\t\t\t\t\t<h2 class=\"elementor-heading-title elementor-size-default\">Horaires de chargement\/d\u00e9chargement<\/h2>\t\t\t\t<\/div>\n\t\t\t\t<\/div>\n\t\t\t\t<div class=\"elementor-element elementor-element-e94ab95 elementor-widget elementor-widget-text-editor\" data-id=\"e94ab95\" data-element_type=\"widget\" data-e-type=\"widget\" data-widget_type=\"text-editor.default\">\n\t\t\t\t<div class=\"elementor-widget-container\">\n\t\t\t\t\t\t\t\t\t<ul><li><span style=\"text-decoration: underline;\">BELREY FIBRES SA<\/span>, Boulevard du Textile 5, 7700 Mouscron, Belgique<br>Coord. GPS : 50.75171, 3.24638<br><span style=\"text-decoration: underline;\">08h00 &#8211; 17h00 (du lundi au vendredi)<\/span><\/li><\/ul><p> <\/p><ul><li><span style=\"text-decoration: underline;\">PRADO SRL<\/span>, Rue Georges Mauroy 10, 7972 Quevaucamps (Beloeil), Belgique<br>Coord. GPS : 50.51473, 3.66869<br><span style=\"text-decoration: underline;\">07h30 \u2013 16h00 (vendredi uniquement jusqu&rsquo;\u00e0 15h00)<\/span> <\/li><\/ul>\t\t\t\t\t\t\t\t<\/div>\n\t\t\t\t<\/div>\n\t\t\t\t<div class=\"elementor-element elementor-element-d931c8d elementor-widget elementor-widget-heading\" data-id=\"d931c8d\" data-element_type=\"widget\" data-e-type=\"widget\" data-widget_type=\"heading.default\">\n\t\t\t\t<div class=\"elementor-widget-container\">\n\t\t\t\t\t<h2 class=\"elementor-heading-title elementor-size-default\">Belrey Fibres et Prado <\/h2>\t\t\t\t<\/div>\n\t\t\t\t<\/div>\n\t\t\t\t<div class=\"elementor-element elementor-element-cd02a8c elementor-widget elementor-widget-text-editor\" data-id=\"cd02a8c\" data-element_type=\"widget\" data-e-type=\"widget\" data-widget_type=\"text-editor.default\">\n\t\t\t\t<div class=\"elementor-widget-container\">\n\t\t\t\t\t\t\t\t\t<ul><li>Le camion doit passer sur le pont-bascule avant et apr\u00e8s le chargement\/d\u00e9chargement.<\/li><li>Utilisation de la sonnette situ\u00e9e \u00e0 c\u00f4t\u00e9 du pont-bascule.<\/li><\/ul>\t\t\t\t\t\t\t\t<\/div>\n\t\t\t\t<\/div>\n\t\t\t\t<div class=\"elementor-element elementor-element-018c0d3 elementor-widget elementor-widget-heading\" data-id=\"018c0d3\" data-element_type=\"widget\" data-e-type=\"widget\" data-widget_type=\"heading.default\">\n\t\t\t\t<div class=\"elementor-widget-container\">\n\t\t\t\t\t<h2 class=\"elementor-heading-title elementor-size-default\">Mesures de s\u00e9curit\u00e9 \u00e0 respecter sur le site<\/h2>\t\t\t\t<\/div>\n\t\t\t\t<\/div>\n\t\t\t\t<div class=\"elementor-element elementor-element-9226728 elementor-widget elementor-widget-text-editor\" data-id=\"9226728\" data-element_type=\"widget\" data-e-type=\"widget\" data-widget_type=\"text-editor.default\">\n\t\t\t\t<div class=\"elementor-widget-container\">\n\t\t\t\t\t\t\t\t\t<ul><li>Vitesse maximale de 15 km\/h.<\/li><li>Port d&rsquo;un gilet haute visibilit\u00e9.<\/li><li>Le chauffeur doit rester \u00e0 au moins 5 m\u00e8tres du chariot \u00e9l\u00e9vateur pendant le chargement\/d\u00e9chargement.<\/li><li>Il est strictement interdit de fumer sur l&rsquo;ensemble du site.<\/li><\/ul>\t\t\t\t\t\t\t\t<\/div>\n\t\t\t\t<\/div>\n\t\t\t\t<\/div>\n\t\t\t\t\t<\/div>\n\t\t\t\t<\/div>\n\t\t\t\t<\/div>\n\t\t","protected":false},"excerpt":{"rendered":"<p>Accueil Informations logistiques Informations logistiques Horaires de chargement\/d\u00e9chargement BELREY FIBRES SA, Boulevard du Textile 5, 7700 Mouscron, BelgiqueCoord. GPS : 50.75171, 3.2463808h00 &#8211; 17h00 (du lundi au vendredi) PRADO SRL, Rue Georges Mauroy 10, 7972 Quevaucamps (Beloeil), BelgiqueCoord. GPS : 50.51473, 3.6686907h30 \u2013 16h00 (vendredi uniquement jusqu&rsquo;\u00e0 15h00) Belrey Fibres et Prado Le camion doit [&hellip;]<\/p>\n","protected":false},"author":1,"featured_media":0,"parent":0,"menu_order":0,"comment_status":"closed","ping_status":"closed","template":"elementor_header_footer","meta":{"_acf_changed":false,"_seopress_robots_primary_cat":"","_seopress_titles_title":"Informations logistiques - Belrey Fibres","_seopress_titles_desc":"Infos logistiques Belrey Fibres : sites Mouscron & Beloeil, horaires chargement\/d\u00e9chargement, GPS & s\u00e9curit\u00e9 chauffeurs.","_seopress_robots_index":"","footnotes":""},"class_list":["post-2661","page","type-page","status-publish"],"acf":[],"_links":{"self":[{"href":"https:\/\/belrey.com\/fr\/wp-json\/wp\/v2\/pages\/2661","targetHints":{"allow":["GET"]}}],"collection":[{"href":"https:\/\/belrey.com\/fr\/wp-json\/wp\/v2\/pages"}],"about":[{"href":"https:\/\/belrey.com\/fr\/wp-json\/wp\/v2\/types\/page"}],"author":[{"embeddable":true,"href":"https:\/\/belrey.com\/fr\/wp-json\/wp\/v2\/users\/1"}],"replies":[{"embeddable":true,"href":"https:\/\/belrey.com\/fr\/wp-json\/wp\/v2\/comments?post=2661"}],"version-history":[{"count":1,"href":"https:\/\/belrey.com\/fr\/wp-json\/wp\/v2\/pages\/2661\/revisions"}],"predecessor-version":[{"id":2662,"href":"https:\/\/belrey.com\/fr\/wp-json\/wp\/v2\/pages\/2661\/revisions\/2662"}],"wp:attachment":[{"href":"https:\/\/belrey.com\/fr\/wp-json\/wp\/v2\/media?parent=2661"}],"curies":[{"name":"wp","href":"https:\/\/api.w.org\/{rel}","templated":true}]}}