{"id":2618,"date":"2025-09-12T00:24:38","date_gmt":"2025-09-11T22:24:38","guid":{"rendered":"https:\/\/belrey.com\/engagement-de-la-direction\/"},"modified":"2025-10-22T11:03:29","modified_gmt":"2025-10-22T09:03:29","slug":"engagement-de-la-direction","status":"publish","type":"page","link":"https:\/\/belrey.com\/fr\/engagement-de-la-direction\/","title":{"rendered":"Engagement de la direction"},"content":{"rendered":"<style>.elementor-2618 .elementor-element.elementor-element-4a1023d{--display:flex;--flex-direction:column;--container-widget-width:calc( ( 1 - var( --container-widget-flex-grow ) ) * 100% );--container-widget-height:initial;--container-widget-flex-grow:0;--container-widget-align-self:initial;--flex-wrap-mobile:wrap;--justify-content:center;--align-items:center;}.elementor-2618 .elementor-element.elementor-element-fcdc22b{--display:flex;--min-height:0vh;--justify-content:center;--overlay-opacity:1;--border-radius:20px 20px 20px 20px;--padding-top:11em;--padding-bottom:11em;--padding-left:2em;--padding-right:2em;}.elementor-2618 .elementor-element.elementor-element-fcdc22b:not(.elementor-motion-effects-element-type-background), .elementor-2618 .elementor-element.elementor-element-fcdc22b > .elementor-motion-effects-container > .elementor-motion-effects-layer{background-color:var( --e-global-color-17e5b02 );background-image:url(\"https:\/\/belrey.com\/wp-content\/uploads\/2025\/09\/3.jpeg\");background-position:center center;background-repeat:no-repeat;background-size:cover;}.elementor-2618 .elementor-element.elementor-element-fcdc22b::before, .elementor-2618 .elementor-element.elementor-element-fcdc22b > .elementor-background-video-container::before, .elementor-2618 .elementor-element.elementor-element-fcdc22b > .e-con-inner > .elementor-background-video-container::before, .elementor-2618 .elementor-element.elementor-element-fcdc22b > .elementor-background-slideshow::before, .elementor-2618 .elementor-element.elementor-element-fcdc22b > .e-con-inner > .elementor-background-slideshow::before, .elementor-2618 .elementor-element.elementor-element-fcdc22b > .elementor-motion-effects-container > .elementor-motion-effects-layer::before{--background-overlay:'';background-color:transparent;background-image:linear-gradient(90deg, #232020DB 0%, #FFFBF200 100%);}.elementor-2618 .elementor-element.elementor-element-fcdc22b:hover::before, .elementor-2618 .elementor-element.elementor-element-fcdc22b:hover > .elementor-background-video-container::before, .elementor-2618 .elementor-element.elementor-element-fcdc22b:hover > .e-con-inner > .elementor-background-video-container::before, .elementor-2618 .elementor-element.elementor-element-fcdc22b > .elementor-background-slideshow:hover::before, .elementor-2618 .elementor-element.elementor-element-fcdc22b > .e-con-inner > .elementor-background-slideshow:hover::before{--background-overlay:'';background-color:transparent;background-image:linear-gradient(90deg, #232020DB 0%, #FFFBF200 100%);}.elementor-2618 .elementor-element.elementor-element-fcdc22b:hover{--overlay-opacity:1;}.elementor-2618 .elementor-element.elementor-element-fa2c169{--display:flex;--gap:10px 10px;--row-gap:10px;--column-gap:10px;}.elementor-2618 .elementor-element.elementor-element-578946a .elementor-icon-list-icon i{color:var( --e-global-color-a567df4 );transition:color 0.3s;}.elementor-2618 .elementor-element.elementor-element-578946a .elementor-icon-list-icon svg{fill:var( --e-global-color-a567df4 );transition:fill 0.3s;}.elementor-2618 .elementor-element.elementor-element-578946a{--e-icon-list-icon-size:14px;--icon-vertical-offset:0px;}.elementor-2618 .elementor-element.elementor-element-578946a .elementor-icon-list-item > .elementor-icon-list-text, .elementor-2618 .elementor-element.elementor-element-578946a .elementor-icon-list-item > a{font-family:var( --e-global-typography-08fdc8c-font-family ), Sans-serif;font-size:var( --e-global-typography-08fdc8c-font-size );font-weight:var( --e-global-typography-08fdc8c-font-weight );text-transform:var( --e-global-typography-08fdc8c-text-transform );line-height:var( --e-global-typography-08fdc8c-line-height );letter-spacing:var( --e-global-typography-08fdc8c-letter-spacing );word-spacing:var( --e-global-typography-08fdc8c-word-spacing );}.elementor-2618 .elementor-element.elementor-element-578946a .elementor-icon-list-text{color:var( --e-global-color-a567df4 );transition:color 0.3s;}.elementor-2618 .elementor-element.elementor-element-83766c5 .elementor-heading-title{font-family:var( --e-global-typography-primary-font-family ), Sans-serif;font-size:var( --e-global-typography-primary-font-size );font-weight:var( --e-global-typography-primary-font-weight );text-transform:var( --e-global-typography-primary-text-transform );line-height:var( --e-global-typography-primary-line-height );letter-spacing:var( --e-global-typography-primary-letter-spacing );word-spacing:var( --e-global-typography-primary-word-spacing );color:var( --e-global-color-a567df4 );}.elementor-2618 .elementor-element.elementor-element-83766c5{width:var( --container-widget-width, 55% );max-width:55%;--container-widget-width:55%;--container-widget-flex-grow:0;}.elementor-2618 .elementor-element.elementor-element-012b8db{--display:flex;--flex-direction:row;--container-widget-width:initial;--container-widget-height:100%;--container-widget-flex-grow:1;--container-widget-align-self:stretch;--flex-wrap-mobile:wrap;--gap:0px 0px;--row-gap:0px;--column-gap:0px;--flex-wrap:wrap;--padding-top:5em;--padding-bottom:5em;--padding-left:1em;--padding-right:1em;}.elementor-2618 .elementor-element.elementor-element-a22498c{--display:flex;--gap:20px 20px;--row-gap:20px;--column-gap:20px;}.elementor-2618 .elementor-element.elementor-element-9fcd6e7{color:var( --e-global-color-text );}.elementor-2618 .elementor-element.elementor-element-9fcd6e7 a{color:var( --e-global-color-fbcc36a );}:root{--page-title-display:none;}@media(max-width:1366px){.elementor-2618 .elementor-element.elementor-element-fcdc22b{--padding-top:7em;--padding-bottom:7em;--padding-left:1em;--padding-right:1em;}.elementor-2618 .elementor-element.elementor-element-578946a .elementor-icon-list-item > .elementor-icon-list-text, .elementor-2618 .elementor-element.elementor-element-578946a .elementor-icon-list-item > a{font-size:var( --e-global-typography-08fdc8c-font-size );line-height:var( --e-global-typography-08fdc8c-line-height );letter-spacing:var( --e-global-typography-08fdc8c-letter-spacing );word-spacing:var( --e-global-typography-08fdc8c-word-spacing );}.elementor-2618 .elementor-element.elementor-element-83766c5 .elementor-heading-title{font-size:var( --e-global-typography-primary-font-size );line-height:var( --e-global-typography-primary-line-height );letter-spacing:var( --e-global-typography-primary-letter-spacing );word-spacing:var( --e-global-typography-primary-word-spacing );}.elementor-2618 .elementor-element.elementor-element-83766c5{--container-widget-width:65%;--container-widget-flex-grow:0;width:var( --container-widget-width, 65% );max-width:65%;}.elementor-2618 .elementor-element.elementor-element-012b8db{--padding-top:3em;--padding-bottom:3em;--padding-left:1em;--padding-right:1em;}}@media(max-width:1024px){.elementor-2618 .elementor-element.elementor-element-fcdc22b:not(.elementor-motion-effects-element-type-background), .elementor-2618 .elementor-element.elementor-element-fcdc22b > .elementor-motion-effects-container > .elementor-motion-effects-layer{background-size:cover;}.elementor-2618 .elementor-element.elementor-element-578946a .elementor-icon-list-item > .elementor-icon-list-text, .elementor-2618 .elementor-element.elementor-element-578946a .elementor-icon-list-item > a{font-size:var( --e-global-typography-08fdc8c-font-size );line-height:var( --e-global-typography-08fdc8c-line-height );letter-spacing:var( --e-global-typography-08fdc8c-letter-spacing );word-spacing:var( --e-global-typography-08fdc8c-word-spacing );}.elementor-2618 .elementor-element.elementor-element-83766c5 .elementor-heading-title{font-size:var( --e-global-typography-primary-font-size );line-height:var( --e-global-typography-primary-line-height );letter-spacing:var( --e-global-typography-primary-letter-spacing );word-spacing:var( --e-global-typography-primary-word-spacing );}.elementor-2618 .elementor-element.elementor-element-83766c5{--container-widget-width:75%;--container-widget-flex-grow:0;width:var( --container-widget-width, 75% );max-width:75%;}}@media(max-width:767px){.elementor-2618 .elementor-element.elementor-element-fcdc22b:not(.elementor-motion-effects-element-type-background), .elementor-2618 .elementor-element.elementor-element-fcdc22b > .elementor-motion-effects-container > .elementor-motion-effects-layer{background-position:bottom center;background-size:cover;}.elementor-2618 .elementor-element.elementor-element-fcdc22b::before, .elementor-2618 .elementor-element.elementor-element-fcdc22b > .elementor-background-video-container::before, .elementor-2618 .elementor-element.elementor-element-fcdc22b > .e-con-inner > .elementor-background-video-container::before, .elementor-2618 .elementor-element.elementor-element-fcdc22b > .elementor-background-slideshow::before, .elementor-2618 .elementor-element.elementor-element-fcdc22b > .e-con-inner > .elementor-background-slideshow::before, .elementor-2618 .elementor-element.elementor-element-fcdc22b > .elementor-motion-effects-container > .elementor-motion-effects-layer::before{background-color:transparent;background-image:linear-gradient(180deg, #232020DB 0%, #FFFBF200 100%);}.elementor-2618 .elementor-element.elementor-element-fcdc22b{--padding-top:3em;--padding-bottom:15em;--padding-left:0em;--padding-right:0em;}.elementor-2618 .elementor-element.elementor-element-578946a .elementor-icon-list-item > .elementor-icon-list-text, .elementor-2618 .elementor-element.elementor-element-578946a .elementor-icon-list-item > a{font-size:var( --e-global-typography-08fdc8c-font-size );line-height:var( --e-global-typography-08fdc8c-line-height );letter-spacing:var( --e-global-typography-08fdc8c-letter-spacing );word-spacing:var( --e-global-typography-08fdc8c-word-spacing );}.elementor-2618 .elementor-element.elementor-element-83766c5{text-align:center;--container-widget-width:100%;--container-widget-flex-grow:0;width:var( --container-widget-width, 100% );max-width:100%;}.elementor-2618 .elementor-element.elementor-element-83766c5 .elementor-heading-title{font-size:var( --e-global-typography-primary-font-size );line-height:var( --e-global-typography-primary-line-height );letter-spacing:var( --e-global-typography-primary-letter-spacing );word-spacing:var( --e-global-typography-primary-word-spacing );}.elementor-2618 .elementor-element.elementor-element-012b8db{--padding-top:2em;--padding-bottom:0em;--padding-left:0em;--padding-right:0em;}}@media(min-width:768px){.elementor-2618 .elementor-element.elementor-element-fcdc22b{--width:97%;}.elementor-2618 .elementor-element.elementor-element-fa2c169{--content-width:1600px;}.elementor-2618 .elementor-element.elementor-element-012b8db{--content-width:1600px;}.elementor-2618 .elementor-element.elementor-element-a22498c{--width:100%;}}@media(max-width:1366px) and (min-width:768px){.elementor-2618 .elementor-element.elementor-element-a22498c{--width:91%;}}@media(max-width:1024px) and (min-width:768px){.elementor-2618 .elementor-element.elementor-element-a22498c{--width:100%;}}<\/style>\t\t<div data-elementor-type=\"wp-page\" data-elementor-id=\"2618\" class=\"elementor elementor-2618 elementor-2127\" data-elementor-post-type=\"page\">\n\t\t\t\t<div class=\"elementor-element elementor-element-4a1023d e-con-full e-flex e-con e-parent\" data-id=\"4a1023d\" data-element_type=\"container\" data-e-type=\"container\">\n\t\t<div class=\"elementor-element elementor-element-fcdc22b e-con-full e-flex e-con e-child\" data-id=\"fcdc22b\" data-element_type=\"container\" data-e-type=\"container\" data-settings=\"{&quot;background_background&quot;:&quot;classic&quot;}\">\n\t\t<div class=\"elementor-element elementor-element-fa2c169 e-flex e-con-boxed e-con e-child\" data-id=\"fa2c169\" data-element_type=\"container\" data-e-type=\"container\">\n\t\t\t\t\t<div class=\"e-con-inner\">\n\t\t\t\t<div class=\"elementor-element elementor-element-578946a elementor-icon-list--layout-inline elementor-mobile-align-center elementor-tablet-align-start elementor-list-item-link-full_width elementor-widget elementor-widget-icon-list\" data-id=\"578946a\" data-element_type=\"widget\" data-e-type=\"widget\" data-widget_type=\"icon-list.default\">\n\t\t\t\t<div class=\"elementor-widget-container\">\n\t\t\t\t\t\t\t<ul class=\"elementor-icon-list-items elementor-inline-items\">\n\t\t\t\t\t\t\t<li class=\"elementor-icon-list-item elementor-inline-item\">\n\t\t\t\t\t\t\t\t\t\t\t<a href=\"https:\/\/belrey.com\/fr\/\">\n\n\t\t\t\t\t\t\t\t\t\t\t<span class=\"elementor-icon-list-text\">Accueil<\/span>\n\t\t\t\t\t\t\t\t\t\t\t<\/a>\n\t\t\t\t\t\t\t\t\t<\/li>\n\t\t\t\t\t\t\t\t<li class=\"elementor-icon-list-item elementor-inline-item\">\n\t\t\t\t\t\t\t\t\t\t\t<span class=\"elementor-icon-list-icon\">\n\t\t\t\t\t\t\t<i aria-hidden=\"true\" class=\"jki jki-angle-right-solid\"><\/i>\t\t\t\t\t\t<\/span>\n\t\t\t\t\t\t\t\t\t\t<span class=\"elementor-icon-list-text\"><\/span>\n\t\t\t\t\t\t\t\t\t<\/li>\n\t\t\t\t\t\t\t\t<li class=\"elementor-icon-list-item elementor-inline-item\">\n\t\t\t\t\t\t\t\t\t\t\t<a href=\"https:\/\/belrey.com\/fr\/engagement-de-la-direction\/\">\n\n\t\t\t\t\t\t\t\t\t\t\t<span class=\"elementor-icon-list-text\">Engagement de la direction<\/span>\n\t\t\t\t\t\t\t\t\t\t\t<\/a>\n\t\t\t\t\t\t\t\t\t<\/li>\n\t\t\t\t\t\t<\/ul>\n\t\t\t\t\t\t<\/div>\n\t\t\t\t<\/div>\n\t\t\t\t<div class=\"elementor-element elementor-element-83766c5 elementor-widget__width-initial elementor-widget elementor-widget-heading\" data-id=\"83766c5\" data-element_type=\"widget\" data-e-type=\"widget\" data-widget_type=\"heading.default\">\n\t\t\t\t<div class=\"elementor-widget-container\">\n\t\t\t\t\t<h1 class=\"elementor-heading-title elementor-size-default\">Engagement de la direction<\/h1>\t\t\t\t<\/div>\n\t\t\t\t<\/div>\n\t\t\t\t\t<\/div>\n\t\t\t\t<\/div>\n\t\t\t\t<\/div>\n\t\t\t\t<\/div>\n\t\t<div class=\"elementor-element elementor-element-012b8db e-flex e-con-boxed e-con e-parent\" data-id=\"012b8db\" data-element_type=\"container\" data-e-type=\"container\">\n\t\t\t\t\t<div class=\"e-con-inner\">\n\t\t<div class=\"elementor-element elementor-element-a22498c e-con-full e-flex e-con e-child\" data-id=\"a22498c\" data-element_type=\"container\" data-e-type=\"container\">\n\t\t\t\t<div class=\"elementor-element elementor-element-9fcd6e7 elementor-widget elementor-widget-text-editor\" data-id=\"9fcd6e7\" data-element_type=\"widget\" data-e-type=\"widget\" data-widget_type=\"text-editor.default\">\n\t\t\t\t<div class=\"elementor-widget-container\">\n\t\t\t\t\t\t\t\t\t<p><strong data-start=\"0\" data-end=\"25\">Management Commitment<\/strong><\/p><p>Notre mission est de rester un partenaire privil\u00e9gi\u00e9 aupr\u00e8s de nos clients et fournisseurs dans le recyclage et la commercialisation des fibres textiles.<\/p><p>La gestion de la qualit\u00e9 doit nous permettre d\u2019effectuer des livraisons constamment conformes.<\/p><p>D\u00e9velopper des relations \u00e0 long terme avec nos clients et fournisseurs qui nous apporterons de la valeur ajout\u00e9e.<\/p><p>La direction s\u2019engage \u00e0 d\u00e9velopper en continu un syst\u00e8me de management de qualit\u00e9 afin de :<\/p><ul><li>\u00e9couter le personnel\u00a0: motivation, satisfaction, hygi\u00e8ne, s\u00e9curit\u00e9,<\/li><li>d\u00e9velopper l\u2019autonomie et la responsabilisation de chaque membre du personnel,<\/li><li>s\u2019am\u00e9liorer dans le respect des exigences applicables,<\/li><li>r\u00e9pondre aux besoins des clients\u00a0: quantit\u00e9, qualit\u00e9, service,<\/li><li>contribuer \u00e0 une croissance \u00e9conomique \u00e0 long terme.<\/li><\/ul><p>\u00a0<\/p><p><strong data-start=\"804\" data-end=\"818\" data-is-last-node=\"\">C.E.O<\/strong><\/p>\t\t\t\t\t\t\t\t<\/div>\n\t\t\t\t<\/div>\n\t\t\t\t<\/div>\n\t\t\t\t\t<\/div>\n\t\t\t\t<\/div>\n\t\t\t\t<\/div>\n\t\t","protected":false},"excerpt":{"rendered":"<p>Accueil Engagement de la direction Engagement de la direction Management Commitment Notre mission est de rester un partenaire privil\u00e9gi\u00e9 aupr\u00e8s de nos clients et fournisseurs dans le recyclage et la commercialisation des fibres textiles. La gestion de la qualit\u00e9 doit nous permettre d\u2019effectuer des livraisons constamment conformes. D\u00e9velopper des relations \u00e0 long terme avec nos [&hellip;]<\/p>\n","protected":false},"author":1,"featured_media":0,"parent":0,"menu_order":0,"comment_status":"closed","ping_status":"closed","template":"elementor_header_footer","meta":{"_acf_changed":false,"_seopress_robots_primary_cat":"","_seopress_titles_title":"Commitment of the Management - Belrey Fibres","_seopress_titles_desc":"Discover Belrey Fibres\u2019 management commitment: quality control, trusted partnerships, employee wellbeing, sustainability and long-term growth.","_seopress_robots_index":"","footnotes":""},"class_list":["post-2618","page","type-page","status-publish"],"acf":[],"_links":{"self":[{"href":"https:\/\/belrey.com\/fr\/wp-json\/wp\/v2\/pages\/2618","targetHints":{"allow":["GET"]}}],"collection":[{"href":"https:\/\/belrey.com\/fr\/wp-json\/wp\/v2\/pages"}],"about":[{"href":"https:\/\/belrey.com\/fr\/wp-json\/wp\/v2\/types\/page"}],"author":[{"embeddable":true,"href":"https:\/\/belrey.com\/fr\/wp-json\/wp\/v2\/users\/1"}],"replies":[{"embeddable":true,"href":"https:\/\/belrey.com\/fr\/wp-json\/wp\/v2\/comments?post=2618"}],"version-history":[{"count":5,"href":"https:\/\/belrey.com\/fr\/wp-json\/wp\/v2\/pages\/2618\/revisions"}],"predecessor-version":[{"id":2814,"href":"https:\/\/belrey.com\/fr\/wp-json\/wp\/v2\/pages\/2618\/revisions\/2814"}],"wp:attachment":[{"href":"https:\/\/belrey.com\/fr\/wp-json\/wp\/v2\/media?parent=2618"}],"curies":[{"name":"wp","href":"https:\/\/api.w.org\/{rel}","templated":true}]}}